{"id":11929,"date":"2026-03-10T14:48:07","date_gmt":"2026-03-10T14:48:07","guid":{"rendered":"http:\/\/vctllpa.cluster121.hosting.ovh.net\/?page_id=11929"},"modified":"2026-03-10T14:53:11","modified_gmt":"2026-03-10T14:53:11","slug":"reeducation-de-lepaule","status":"publish","type":"page","link":"https:\/\/drgazielly.com\/index.php\/reeducation-de-lepaule\/","title":{"rendered":"R\u00e9\u00e9ducation de l&#8217;\u00e9paule"},"content":{"rendered":"<div class=\"wpb-content-wrapper\"><p>[vc_row][vc_column]<br \/>\n[vc_custom_heading text=&#8221;R\u00e9\u00e9ducation de l&#8217;\u00e9paule&#8221; font_container=&#8221;tag:h1|text_align:left&#8221; use_theme_fonts=&#8221;yes&#8221;]<br \/>\n[\/vc_column][\/vc_row]<\/p>\n<p>[vc_row][vc_column]<br \/>\n[vc_column_text]<\/p>\n<ul style=\"line-height:2;\">\n<li style=\"margin-bottom:15px;\">Une r\u00e9\u00e9ducation manuelle, bas\u00e9e sur des exercices simples, r\u00e9p\u00e9t\u00e9s plusieurs fois par jour par un patient motiv\u00e9, est le partenaire incontournable du chirurgien orthop\u00e9diste sp\u00e9cialiste de l&#8217;\u00e9paule.<\/li>\n<li style=\"margin-bottom:15px;\">Nous travaillons uniquement avec des physioth\u00e9rapeutes qui connaissent nos protocoles et \u00e0 qui nous pouvons faire confiance pour prendre en charge les patients dont nous avons la responsabilit\u00e9.<\/li>\n<li style=\"margin-bottom:15px;\">Comme nous le verrons plus loin sur les vid\u00e9os, nous utilisons, depuis 28 ans, les m\u00eames exercices simples qui ne n\u00e9cessitent aucune machine, aucun mat\u00e9riel sp\u00e9cial, mais seulement les mains du physioth\u00e9rapeute, un caoutchouc, un b\u00e2ton&#8230; et la motivation du patient.<\/li>\n<li style=\"margin-bottom:15px;\">Nous pr\u00e9conisons deux \u00e0 trois s\u00e9ances par semaine, de 30 minutes chacune, avec le physioth\u00e9rapeute, et quatre s\u00e9ances de 10 minutes matin, midi, apr\u00e8s-midi et soir, \u00e0 faire par le patient seul \u00e0 la maison. Plusieurs s\u00e9ances courtes quotidiennes sont pr\u00e9f\u00e9rables \u00e0 une longue s\u00e9ance quotidienne. <span style=\"color:#0077cc;\">\u00ab Plus souvent on mobilise passivement l&#8217;\u00e9paule, moins on a des douleurs \u00bb.<\/span><\/li>\n<li style=\"margin-bottom:15px;\">Apr\u00e8s une intervention chirurgicale au niveau de l&#8217;\u00e9paule, que la m\u00e9thode soit micro-chirurgicale arthroscopique ou \u00e0 ciel ouvert, la r\u00e9\u00e9ducation post-op\u00e9ratoire intervient pour moiti\u00e9 dans le r\u00e9sultat fonctionnel final. Elle n\u00e9cessite un physioth\u00e9rapeute comp\u00e9tent et un patient motiv\u00e9. Nous revoyons nous-m\u00eames les patients, 15 jours, 6 semaines, 3 mois et 6 mois apr\u00e8s l&#8217;op\u00e9ration, afin de surveiller le bon d\u00e9roulement de la r\u00e9\u00e9ducation et le respect des d\u00e9lais de r\u00e9cup\u00e9ration de la fonction de l&#8217;\u00e9paule op\u00e9r\u00e9e.<\/li>\n<li style=\"margin-bottom:15px;\">Nous n&#8217;op\u00e9rons jamais un patient dont l&#8217;\u00e9paule est ankylos\u00e9e ou qui est incapable de monter activement le bras \u00e0 la suite d&#8217;une chute. \u00c0 l&#8217;exception de la traumatologie osseuse, la chirurgie de l&#8217;\u00e9paule n&#8217;est jamais une urgence. Il est pr\u00e9f\u00e9rable de faire une r\u00e9\u00e9ducation pr\u00e9-op\u00e9ratoire, qui permettra d&#8217;op\u00e9rer un patient ayant r\u00e9cup\u00e9r\u00e9 une \u00e9paule souple et une \u00e9l\u00e9vation active du bras. <span style=\"color:#0077cc;\">\u00ab La r\u00e9\u00e9ducation pr\u00e9-op\u00e9ratoire est autant de temps gagn\u00e9 sur la r\u00e9\u00e9ducation post-op\u00e9ratoire \u00bb.<\/span><\/li>\n<li style=\"margin-bottom:15px;\">D&#8217;apr\u00e8s notre exp\u00e9rience, une r\u00e9\u00e9ducation efficace permet aussi de stabiliser, voire de gu\u00e9rir, 3 patients sur 4 (voir vid\u00e9o de r\u00e9\u00e9ducation d&#8217;une \u00e9paule douloureuse et ankylos\u00e9e).<\/li>\n<li style=\"margin-bottom:15px;\">Un protocole sp\u00e9cifique de r\u00e9\u00e9ducation proprioceptive nous permet de traiter efficacement une \u00e9paule douloureuse et instable dans un contexte d&#8217;hyperlaxit\u00e9 ligamentaire constitutionnelle ou acquise.<\/li>\n<li style=\"margin-bottom:15px;\">Au patient op\u00e9r\u00e9 et r\u00e9sidant hors de Suisse, nous donnons un \u00ab Livret Patient \u00bb, qui d\u00e9crit les diff\u00e9rents exercices qu&#8217;il devra faire seul, \u00e9tape par \u00e9tape, selon le type de chirurgie r\u00e9alis\u00e9e. Nous pouvons assurer une surveillance post-op\u00e9ratoire r\u00e9guli\u00e8re avec Skype\u00ae.<\/li>\n<li style=\"margin-bottom:15px;\">Les \u00e9tapes successives de la r\u00e9cup\u00e9ration fonctionnelle apr\u00e8s une chirurgie de l&#8217;\u00e9paule sont les m\u00eames, quel que soit le type d&#8217;intervention r\u00e9alis\u00e9e, et quelle que soit la m\u00e9thode, microchirurgicale arthroscopique ou \u00e0 ciel ouvert. Seuls les d\u00e9lais de r\u00e9cup\u00e9ration varient selon le type d&#8217;intervention.<\/li>\n<\/ul>\n<p style=\"padding-left:60px;\">&#8211; 1\u00e8re \u00e9tape : R\u00e9cup\u00e9ration des amplitudes articulaires passives dans un d\u00e9lai de 3 \u00e0 6 semaines post-op\u00e9ratoires<\/p>\n<p style=\"padding-left:60px;\">&#8211; 2e \u00e9tape : R\u00e9cup\u00e9ration de la mobilit\u00e9 active dans un d\u00e9lai de 6 semaines ou 3 mois post-op\u00e9ratoires<\/p>\n<p style=\"padding-left:60px;\">&#8211; 3e \u00e9tape : Exercices de musculation apr\u00e8s 6 semaines ou 3 mois post-op\u00e9ratoires<\/p>\n<p style=\"padding-left:60px;\">&#8211; La conduite automobile est autoris\u00e9e dans un d\u00e9lai variable, allant de la 6e semaine au 3e mois post-op\u00e9ratoire<\/p>\n<p style=\"padding-left:60px;\">&#8211; Les d\u00e9lais de reprise du travail varient de la 6e semaine au 3e mois post-op\u00e9ratoires, selon le type de profession, manuelle ou non<\/p>\n<p><strong>Attention !<\/strong><\/p>\n<p><strong>La r\u00e9cup\u00e9ration fonctionnelle d&#8217;une \u00e9paule apr\u00e8s une intervention chirurgicale n&#8217;est pas une course de vitesse.<\/strong> Le patient doit respecter le d\u00e9lai incompressible de cicatrisation des tissus qui est de 6 semaines. Nous disons souvent : <span style=\"color:#0077cc;\">\u00ab Tout se joue pendant les 6 premi\u00e8res semaines post-op\u00e9ratoires \u00bb<\/span>. Toute imprudence pendant cette p\u00e9riode (conduite automobile, informatique, gestes r\u00e9p\u00e9titifs) entra\u00eenera l&#8217;apparition de douleurs et de son corollaire, l&#8217;ankylose.<\/p>\n<p><em>Il est conseill\u00e9 de regarder le chapitre <strong>\u00ab R\u00e9sultats fonctionnels \u00bb<\/strong>.<\/em><\/p>\n<p>[\/vc_column_text]<br \/>\n[\/vc_column][\/vc_row]<\/p>\n<p>[vc_row][vc_column]<br \/>\n[vc_separator]<br \/>\n[\/vc_column][\/vc_row]<\/p>\n<\/div>","protected":false},"excerpt":{"rendered":"<p>[vc_row][vc_column] [vc_custom_heading text=&#8221;R\u00e9\u00e9ducation de l&#8217;\u00e9paule&#8221; font_container=&#8221;tag:h1|text_align:left&#8221; use_theme_fonts=&#8221;yes&#8221;] [\/vc_column][\/vc_row] [vc_row][vc_column] [vc_column_text] Une r\u00e9\u00e9ducation manuelle, bas\u00e9e sur des exercices simples, r\u00e9p\u00e9t\u00e9s plusieurs fois par jour par un patient motiv\u00e9, est le partenaire incontournable du chirurgien orthop\u00e9diste sp\u00e9cialiste de l&#8217;\u00e9paule. Nous travaillons uniquement avec des physioth\u00e9rapeutes qui connaissent nos protocoles et \u00e0 qui nous pouvons faire confiance pour &hellip; <a href=\"https:\/\/drgazielly.com\/index.php\/reeducation-de-lepaule\/\" class=\"more-link\">Continue reading <span class=\"screen-reader-text\">R\u00e9\u00e9ducation de l&#8217;\u00e9paule<\/span><\/a><\/p>\n","protected":false},"author":1,"featured_media":0,"parent":0,"menu_order":0,"comment_status":"closed","ping_status":"closed","template":"","meta":{"footnotes":""},"class_list":["post-11929","page","type-page","status-publish","hentry"],"_links":{"self":[{"href":"https:\/\/drgazielly.com\/index.php\/wp-json\/wp\/v2\/pages\/11929","targetHints":{"allow":["GET"]}}],"collection":[{"href":"https:\/\/drgazielly.com\/index.php\/wp-json\/wp\/v2\/pages"}],"about":[{"href":"https:\/\/drgazielly.com\/index.php\/wp-json\/wp\/v2\/types\/page"}],"author":[{"embeddable":true,"href":"https:\/\/drgazielly.com\/index.php\/wp-json\/wp\/v2\/users\/1"}],"replies":[{"embeddable":true,"href":"https:\/\/drgazielly.com\/index.php\/wp-json\/wp\/v2\/comments?post=11929"}],"version-history":[{"count":7,"href":"https:\/\/drgazielly.com\/index.php\/wp-json\/wp\/v2\/pages\/11929\/revisions"}],"predecessor-version":[{"id":11936,"href":"https:\/\/drgazielly.com\/index.php\/wp-json\/wp\/v2\/pages\/11929\/revisions\/11936"}],"wp:attachment":[{"href":"https:\/\/drgazielly.com\/index.php\/wp-json\/wp\/v2\/media?parent=11929"}],"curies":[{"name":"wp","href":"https:\/\/api.w.org\/{rel}","templated":true}]}}