{"id":11923,"date":"2026-03-10T14:36:21","date_gmt":"2026-03-10T14:36:21","guid":{"rendered":"http:\/\/vctllpa.cluster121.hosting.ovh.net\/?page_id=11923"},"modified":"2026-03-10T14:38:08","modified_gmt":"2026-03-10T14:38:08","slug":"la-chirurgie-de-lepaule","status":"publish","type":"page","link":"https:\/\/drgazielly.com\/index.php\/la-chirurgie-de-lepaule\/","title":{"rendered":"La chirurgie de l&#8217;\u00e9paule"},"content":{"rendered":"<div class=\"wpb-content-wrapper\"><p>[vc_row][vc_column][vc_column_text]<!-- ===================== TITRE DE LA PAGE ===================== --><\/p>\n<p>[\/vc_column_text][\/vc_column][\/vc_row][vc_row][vc_column][vc_custom_heading text=&#8221;La chirurgie de l&#8217;\u00e9paule&#8221; font_container=&#8221;tag:h1|text_align:left&#8221; use_theme_fonts=&#8221;yes&#8221; css=&#8221;.vc_custom_1700000006{margin-bottom: 20px !important;}&#8221;][\/vc_column][\/vc_row][vc_row][vc_column][vc_column_text]<\/p>\n<p><!-- ===================== SECTION I : ANESTH\u00c9SIE ===================== -->[\/vc_column_text][\/vc_column][\/vc_row][vc_row][vc_column][vc_custom_heading text=&#8221;I. Anesth\u00e9sie et prise en charge de la douleur post-op\u00e9ratoire&#8221; use_theme_fonts=&#8221;yes&#8221;][\/vc_column][\/vc_row][vc_row][vc_column][vc_column_text]<\/p>\n<p>[\/vc_column_text][\/vc_column][\/vc_row][vc_row][vc_column][\/vc_column][\/vc_row][vc_row][vc_column][vc_column_text]<\/p>\n<p>[\/vc_column_text][\/vc_column][\/vc_row][vc_row][vc_column width=&#8221;1\/2&#8243;][vc_column_text]<span style=\"color: #0077cc;\"><strong>Nous r\u00e9alisons toutes nos interventions chirurgicales de l&#8217;\u00e9paule, quelle que soit la m\u00e9thode, arthroscopique ou \u00ab \u00e0 ciel ouvert \u00bb, sous anesth\u00e9sie g\u00e9n\u00e9rale.<\/strong><\/span> Nous n&#8217;y associons pas d&#8217;anesth\u00e9sie loco-r\u00e9gionale par bloc interscal\u00e9nique.<\/p>\n<p>[\/vc_column_text][\/vc_column][vc_column width=&#8221;1\/2&#8243;][vc_column_text]<\/p>\n<p style=\"text-align: center;\"><img decoding=\"async\" src=\"\/wp-content\/uploads\/2026\/03\/1314841520.jpg\" alt=\"Mobilisation post-op\u00e9ratoire imm\u00e9diate\" width=\"40%\" \/><\/p>\n<p>[\/vc_column_text][\/vc_column][\/vc_row][vc_row][vc_column][vc_column_text]<\/p>\n<p>[\/vc_column_text][\/vc_column][\/vc_row][vc_row][vc_column][vc_column_text]<span style=\"color: #0077cc;\"><strong>La douleur post-op\u00e9ratoire imm\u00e9diate est parfaitement contr\u00f4l\u00e9e<\/strong><\/span> par des antalgiques. Une pompe \u00e0 morphine peut \u00eatre utilis\u00e9e pour certains patients plus algiques que la moyenne. Mais, d&#8217;apr\u00e8s notre exp\u00e9rience, c&#8217;est d&#8217;abord la mobilisation passive post-op\u00e9ratoire imm\u00e9diate de l&#8217;\u00e9paule op\u00e9r\u00e9e, en association avec la cryoth\u00e9rapie (mise en place de packs de glace sur l&#8217;\u00e9paule), qui calme le mieux la douleur post-op\u00e9ratoire.<\/p>\n<p>Les patients op\u00e9r\u00e9s au niveau de l&#8217;\u00e9paule par m\u00e9thode arthroscopique, au contraire de ceux op\u00e9r\u00e9s \u00ab \u00e0 ciel ouvert \u00bb, peuvent en th\u00e9orie rentrer chez eux le soir du jour de l&#8217;intervention, apr\u00e8s avoir fait leur premi\u00e8re s\u00e9ance de mobilisation passive de l&#8217;\u00e9paule op\u00e9r\u00e9e avec le physioth\u00e9rapeute. C&#8217;est ce que l&#8217;on appelle la chirurgie ambulatoire. En pratique, nous pr\u00e9f\u00e9rons garder le patient une nuit en hospitalisation, voire 2 \u00e0 3 jours s&#8217;il s&#8217;agit d&#8217;un patient \u00e2g\u00e9 ou vivant seul. Deux s\u00e9ances de mobilisation passive de l&#8217;\u00e9paule op\u00e9r\u00e9e, matin et soir, sont alors r\u00e9alis\u00e9es avec le physioth\u00e9rapeute dans notre unit\u00e9 d&#8217;\u00e9paule, associ\u00e9es \u00e0 des exercices de mobilisation passive que le patient fait seul, 4 fois par jour. Des packs de glace sont appliqu\u00e9s sur l&#8217;\u00e9paule op\u00e9r\u00e9e entre les s\u00e9ances de r\u00e9\u00e9ducation.<\/p>\n<p>Les patients op\u00e9r\u00e9s au niveau de l&#8217;\u00e9paule par chirurgie classique \u00ab \u00e0 ciel ouvert \u00bb restent hospitalis\u00e9s dans notre unit\u00e9 d&#8217;\u00e9paule en moyenne 4 jours apr\u00e8s la chirurgie de l&#8217;instabilit\u00e9 chez un sportif et 7 jours apr\u00e8s la mise en place d&#8217;une proth\u00e8se totale de l&#8217;\u00e9paule. Comme apr\u00e8s la chirurgie arthroscopique de l&#8217;\u00e9paule, la mobilisation passive de l&#8217;\u00e9paule op\u00e9r\u00e9e d\u00e9bute d\u00e8s le jour de l&#8217;intervention avec un physioth\u00e9rapeute et est ensuite r\u00e9alis\u00e9e 2 fois par jour avec le physioth\u00e9rapeute et 4 fois par jour par le patient seul, pendant toute la dur\u00e9e de l&#8217;hospitalisation. L&#8217;application d&#8217;un pack de glace sur l&#8217;\u00e9paule op\u00e9r\u00e9e \u00ab \u00e0 ciel ouvert \u00bb est davantage n\u00e9cessaire qu&#8217;apr\u00e8s la chirurgie arthroscopique afin de calmer la douleur post-op\u00e9ratoire qui est, dans tous les cas, mod\u00e9r\u00e9e d\u00e8s le lendemain de l&#8217;intervention.<\/p>\n<p>[\/vc_column_text][\/vc_column][\/vc_row][vc_row][vc_column][vc_column_text]<\/p>\n<p><!-- ===================== SECTION II : LES DEUX M\u00c9THODES ===================== -->[\/vc_column_text][\/vc_column][\/vc_row][vc_row][vc_column][vc_custom_heading text=&#8221;II. Les deux m\u00e9thodes de la chirurgie de l&#8217;\u00e9paule&#8221; use_theme_fonts=&#8221;yes&#8221;][\/vc_column][\/vc_row][vc_row][vc_column][vc_column_text]<\/p>\n<p>[\/vc_column_text][\/vc_column][\/vc_row][vc_row][vc_column][vc_column_text]Le geste chirurgical peut \u00eatre r\u00e9alis\u00e9 soit par de petites incisions cutan\u00e9es de 2 \u00e0 4 mm avec un contr\u00f4le sur un \u00e9cran de t\u00e9l\u00e9vision de l&#8217;image fournie par une micro-cam\u00e9ra introduite dans l&#8217;\u00e9paule (chirurgie arthroscopique), soit par une incision cutan\u00e9e d&#8217;une dizaine de centim\u00e8tres et une ouverture de la paroi musculaire (chirurgie \u00ab \u00e0 ciel ouvert \u00bb).<\/p>\n<p><strong>Nous pratiquons la chirurgie arthroscopique de l&#8217;\u00e9paule que nous avons apprise au cours de nos s\u00e9jours aux \u00c9tats-Unis depuis les ann\u00e9es 1990\u2026<\/strong><\/p>\n<ul>\n<li>Le principe, r\u00e9volutionnaire \u00e0 la fin des ann\u00e9es 1980, est de r\u00e9aliser un geste technique tr\u00e8s pr\u00e9cis \u00e0 l&#8217;int\u00e9rieur de l&#8217;\u00e9paule, sous le contr\u00f4le d&#8217;une image fournie par une micro-cam\u00e9ra introduite dans l&#8217;\u00e9paule et retransmise sur un \u00e9cran de t\u00e9l\u00e9vision plac\u00e9 devant l&#8217;op\u00e9rateur.<\/li>\n<\/ul>\n<p>[\/vc_column_text][\/vc_column][\/vc_row][vc_row][vc_column][vc_column_text]<\/p>\n<p>[\/vc_column_text][\/vc_column][\/vc_row][vc_row][vc_column][vc_column_text]<\/p>\n<p style=\"text-align: center;\"><img decoding=\"async\" src=\"\/wp-content\/uploads\/2026\/03\/2404112348.jpg\" alt=\"Chirurgie arthroscopique \u00e9paule\" width=\"50%\" \/><\/p>\n<p>[\/vc_column_text][\/vc_column][\/vc_row][vc_row][vc_column][vc_column_text]<\/p>\n<p>[\/vc_column_text][\/vc_column][\/vc_row][vc_row][vc_column][vc_column_text]<\/p>\n<ul>\n<li>Une pompe permet de faire rentrer et sortir en permanence du s\u00e9rum physiologique st\u00e9rile, dont l&#8217;op\u00e9rateur peut moduler \u00e0 volont\u00e9 la pression et le d\u00e9bit, garantissant une excellente visibilit\u00e9 des tissus \u00e0 l&#8217;int\u00e9rieur de l&#8217;\u00e9paule.<\/li>\n<li>Des instruments chirurgicaux sp\u00e9cifiques, dont la taille ne d\u00e9passe pas 5 mm sont utilis\u00e9s pour cette microchirurgie arthroscopique.<\/li>\n<li style=\"color: #0077cc;\"><strong>Les avantages de cette microchirurgie arthroscopique de l&#8217;\u00e9paule sont reconnus :<\/strong><\/li>\n<\/ul>\n<ul style=\"list-style-type: square; padding-left: 80px;\">\n<li>Il n&#8217;y a th\u00e9oriquement aucun risque d&#8217;infection parce que l&#8217;entr\u00e9e et la sortie en permanence du s\u00e9rum physiologique st\u00e9rile emp\u00eache, par effet de lavage continu de l&#8217;\u00e9paule, toute p\u00e9n\u00e9tration de microbe.<\/li>\n<li>Les douleurs post-op\u00e9ratoires sont faibles du fait de l&#8217;absence d&#8217;ouverture des muscles de l&#8217;\u00e9paule.<\/li>\n<li>Avantages esth\u00e9tiques : les cicatrices des 3 \u00e0 4 petites micro-incisions cutan\u00e9es sont pratiquement invisibles.<\/li>\n<\/ul>\n<ul>\n<li><span style=\"color: #0077cc;\"><strong>Nous r\u00e9alisons 80% de nos interventions chirurgicales de l&#8217;\u00e9paule par m\u00e9thode arthroscopique :<\/strong><\/span><\/li>\n<\/ul>\n<ul style=\"list-style-type: square; padding-left: 80px;\">\n<li>Ablation d&#8217;une calcification de la coiffe des rotateurs<\/li>\n<li>Suppression d&#8217;un bec acromial agressif pour la coiffe des rotateurs<\/li>\n<li>R\u00e9paration d&#8217;une rupture de la coiffe des rotateurs<\/li>\n<li>D\u00e9bridement d&#8217;une rupture massive et irr\u00e9parable de la coiffe des rotateurs avec t\u00e9notomie d&#8217;un long biceps tr\u00e8s d\u00e9g\u00e9n\u00e9ratif<\/li>\n<li>R\u00e9insertion ligamentaire d&#8217;une l\u00e9sion de Bankart chez un sportif<\/li>\n<\/ul>\n<p><strong>Nous avons op\u00e9r\u00e9 tous nos patients par la m\u00e9thode \u00ab \u00e0 ciel ouvert \u00bb de 1986 \u00e0 1992, avant que la microchirurgie arthroscopique de l&#8217;\u00e9paule ne devienne fiable et reproductible.<\/strong><\/p>\n<p><strong>La chirurgie de l&#8217;\u00e9paule \u00ab \u00e0 ciel ouvert \u00bb repr\u00e9sente aujourd&#8217;hui environ 20% de notre pratique chirurgicale.<\/strong><\/p>\n<ul>\n<li>Le risque infectieux post-op\u00e9ratoire n&#8217;est jamais nul. Les objectifs de l&#8217;\u00e9quipe chirurgicale au bloc op\u00e9ratoire, de l&#8217;\u00e9quipe de soins dans l&#8217;unit\u00e9 d&#8217;\u00e9paule et globalement d&#8217;un \u00e9tablissement de soins sont de r\u00e9duire ce risque \u00e0 z\u00e9ro. Il faut savoir que le risque d&#8217;infection post-op\u00e9ratoire est major\u00e9 chez certains patients pr\u00e9sentant des ant\u00e9c\u00e9dents m\u00e9dicaux : diab\u00e8te mal \u00e9quilibr\u00e9, infections urinaires \u00e0 r\u00e9p\u00e9tition, mauvaise hygi\u00e8ne dentaire, acn\u00e9 cutan\u00e9e.<\/li>\n<li>La douleur post-op\u00e9ratoire imm\u00e9diate est aujourd&#8217;hui parfaitement g\u00e9r\u00e9e par une association de moyens th\u00e9rapeutiques efficaces : anti-inflammatoires et pompe \u00e0 morphine non syst\u00e9matiques &#8211; antalgiques, mobilisation passive post-op\u00e9ratoire imm\u00e9diate et packs de glace sur l&#8217;\u00e9paule op\u00e9r\u00e9e de fa\u00e7on syst\u00e9matique.<\/li>\n<li>La qualit\u00e9 de la cicatrice retient toujours notre attention. Mais il faut savoir que c&#8217;est le patient qui \u00ab fait \u00bb sa cicatrice\u2026 Par exemple, un patient pr\u00e9sentant une hyperlaxit\u00e9 constitutionnelle (articulations trop flexibles) fera souvent une cicatrice de mauvaise qualit\u00e9.<\/li>\n<li>Nous r\u00e9servons aujourd&#8217;hui la m\u00e9thode \u00ab \u00e0 ciel ouvert \u00bb \u00e0 trois types de pathologies de l&#8217;\u00e9paule :<\/li>\n<\/ul>\n<ul style=\"list-style-type: square; padding-left: 80px;\">\n<li><span style=\"color: #0077cc;\"><strong>La grande majorit\u00e9 des \u00e9paules instables chez le sportif (luxations et sub-luxations ant\u00e9rieures r\u00e9cidivantes).<\/strong><\/span>Nous r\u00e9alisons, \u00ab \u00e0 ciel ouvert \u00bb, ce que nous appelons un triple verrouillage de l&#8217;\u00e9paule (osseux, musculaire et ligamentaire), encore appel\u00e9 \u00ab op\u00e9ration de Bristow-Latarjet modifi\u00e9e \u00bb. Cette intervention, tr\u00e8s minutieuse, permet de rendre au sportif toute sa mobilit\u00e9 et de lui faire reprendre son sport sans risque de subluxation ou de luxation ant\u00e9rieure.<\/li>\n<li><span style=\"color: #0077cc;\"><strong>L&#8217;omarthrose centr\u00e9e primitive n\u00e9cessite la mise en place d&#8217;une proth\u00e8se totale d&#8217;\u00e9paule \u00ab anatomique \u00bb<\/strong><\/span> qui fonctionne avec les tendons de la coiffe des rotateurs, v\u00e9ritables \u00ab moteurs \u00bb de la proth\u00e8se.<\/li>\n<li><span style=\"color: #0077cc;\"><strong>L&#8217;omarthrose excentr\u00e9e, avec rupture massive et irr\u00e9parable de la coiffe des rotateurs, n\u00e9cessite la mise en place d&#8217;une proth\u00e8se totale d&#8217;\u00e9paule \u00ab invers\u00e9e \u00bb<\/strong><\/span> qui fonctionne avec le muscle delto\u00efde du fait de la disparition de la coiffe des rotateurs.<\/li>\n<\/ul>\n<p style=\"padding-left: 30px;\"><strong>La r\u00e9\u00e9ducation, les suites post-op\u00e9ratoires et les r\u00e9sultats fonctionnels obtenus apr\u00e8s chaque type d&#8217;intervention chirurgicale r\u00e9alis\u00e9e par microchirurgie arthroscopique ou \u00ab \u00e0 ciel ouvert \u00bb, sont pr\u00e9cis\u00e9s dans les chapitres \u00ab R\u00e9\u00e9ducation \u00bb et \u00ab R\u00e9sultats fonctionnels \u00bb.<\/strong><\/p>\n<p>[\/vc_column_text][\/vc_column][\/vc_row][vc_row][vc_column][vc_column_text]<\/p>\n<p><!-- ===================== S\u00c9PARATEUR ===================== -->[\/vc_column_text][\/vc_column][\/vc_row][vc_row][vc_column][vc_separator][\/vc_column][\/vc_row]<\/p>\n<\/div>","protected":false},"excerpt":{"rendered":"<p>[vc_row][vc_column][vc_column_text] [\/vc_column_text][\/vc_column][\/vc_row][vc_row][vc_column][vc_custom_heading text=&#8221;La chirurgie de l&#8217;\u00e9paule&#8221; font_container=&#8221;tag:h1|text_align:left&#8221; use_theme_fonts=&#8221;yes&#8221; css=&#8221;.vc_custom_1700000006{margin-bottom: 20px !important;}&#8221;][\/vc_column][\/vc_row][vc_row][vc_column][vc_column_text] [\/vc_column_text][\/vc_column][\/vc_row][vc_row][vc_column][vc_custom_heading text=&#8221;I. Anesth\u00e9sie et prise en charge de la douleur post-op\u00e9ratoire&#8221; use_theme_fonts=&#8221;yes&#8221;][\/vc_column][\/vc_row][vc_row][vc_column][vc_column_text] [\/vc_column_text][\/vc_column][\/vc_row][vc_row][vc_column][\/vc_column][\/vc_row][vc_row][vc_column][vc_column_text] [\/vc_column_text][\/vc_column][\/vc_row][vc_row][vc_column width=&#8221;1\/2&#8243;][vc_column_text]Nous r\u00e9alisons toutes nos interventions chirurgicales de l&#8217;\u00e9paule, quelle que soit la m\u00e9thode, arthroscopique ou \u00ab \u00e0 ciel ouvert \u00bb, sous anesth\u00e9sie g\u00e9n\u00e9rale. Nous n&#8217;y associons pas d&#8217;anesth\u00e9sie loco-r\u00e9gionale par &hellip; <a href=\"https:\/\/drgazielly.com\/index.php\/la-chirurgie-de-lepaule\/\" class=\"more-link\">Continue reading <span class=\"screen-reader-text\">La chirurgie de l&#8217;\u00e9paule<\/span><\/a><\/p>\n","protected":false},"author":1,"featured_media":0,"parent":0,"menu_order":0,"comment_status":"closed","ping_status":"closed","template":"","meta":{"footnotes":""},"class_list":["post-11923","page","type-page","status-publish","hentry"],"_links":{"self":[{"href":"https:\/\/drgazielly.com\/index.php\/wp-json\/wp\/v2\/pages\/11923","targetHints":{"allow":["GET"]}}],"collection":[{"href":"https:\/\/drgazielly.com\/index.php\/wp-json\/wp\/v2\/pages"}],"about":[{"href":"https:\/\/drgazielly.com\/index.php\/wp-json\/wp\/v2\/types\/page"}],"author":[{"embeddable":true,"href":"https:\/\/drgazielly.com\/index.php\/wp-json\/wp\/v2\/users\/1"}],"replies":[{"embeddable":true,"href":"https:\/\/drgazielly.com\/index.php\/wp-json\/wp\/v2\/comments?post=11923"}],"version-history":[{"count":4,"href":"https:\/\/drgazielly.com\/index.php\/wp-json\/wp\/v2\/pages\/11923\/revisions"}],"predecessor-version":[{"id":11927,"href":"https:\/\/drgazielly.com\/index.php\/wp-json\/wp\/v2\/pages\/11923\/revisions\/11927"}],"wp:attachment":[{"href":"https:\/\/drgazielly.com\/index.php\/wp-json\/wp\/v2\/media?parent=11923"}],"curies":[{"name":"wp","href":"https:\/\/api.w.org\/{rel}","templated":true}]}}