{"id":11916,"date":"2026-03-10T10:06:08","date_gmt":"2026-03-10T10:06:08","guid":{"rendered":"http:\/\/vctllpa.cluster121.hosting.ovh.net\/?page_id=11916"},"modified":"2026-03-10T14:30:26","modified_gmt":"2026-03-10T14:30:26","slug":"les-options-therapeutiques","status":"publish","type":"page","link":"https:\/\/drgazielly.com\/index.php\/les-options-therapeutiques\/","title":{"rendered":"Les Options Th\u00e9rapeutiques"},"content":{"rendered":"<div class=\"wpb-content-wrapper\"><p><!-- ===================== TITRE DE LA PAGE ===================== --><\/p>\n<p>[vc_row][vc_column]<br \/>\n[vc_custom_heading text=&#8221;Les Options Th\u00e9rapeutiques&#8221; font_container=&#8221;tag:h1|text_align:left&#8221; use_theme_fonts=&#8221;yes&#8221; css=&#8221;.vc_custom_1700000004{margin-bottom: 20px !important;}&#8221;]<br \/>\n[\/vc_column][\/vc_row]<\/p>\n<p><!-- ===================== CONTENU ===================== --><\/p>\n<p>[vc_row][vc_column]<br \/>\n[vc_column_text]<\/p>\n<p><strong>1. Chaque patient est un cas particulier<\/strong><\/p>\n<p style=\"padding-left: 30px;\">L&#8217;option th\u00e9rapeutique id\u00e9ale pour traiter la pathologie de l&#8217;\u00e9paule d\u00e9finie avec pr\u00e9cision peut \u00eatre modul\u00e9e selon des crit\u00e8res propres \u00e0 chaque patient : \u00e2ge, contexte professionnel ou sportif, ant\u00e9c\u00e9dents m\u00e9dicaux, motivation du patient pour prendre en charge la r\u00e9\u00e9ducation post-op\u00e9ratoire.<\/p>\n<p style=\"padding-left: 30px;\">Dans la r\u00e9alit\u00e9, la d\u00e9cision d&#8217;op\u00e9rer un patient est prise en commun par une \u00e9quipe m\u00e9dicale r\u00e9unissant le m\u00e9decin traitant, le m\u00e9decin anesth\u00e9siste et le chirurgien.<\/p>\n<p><strong>2. La chirurgie n&#8217;est pas une option th\u00e9rapeutique syst\u00e9matique<\/strong><\/p>\n<p style=\"padding-left: 30px;\">Nos 28 ann\u00e9es consacr\u00e9es exclusivement \u00e0 la pathologie de l&#8217;\u00e9paule nous ont prouv\u00e9 qu&#8217;une r\u00e9\u00e9ducation, bien prise en charge selon notre protocole, est suffisante pour stabiliser, voire gu\u00e9rir, trois patients sur quatre (6 000 patients op\u00e9r\u00e9s pour 24 000 vus en consultation).<\/p>\n<p><strong>3. Nous r\u00e9alisons 80% de nos interventions chirurgicales par technique micro-chirurgicale arthroscopique<\/strong><\/p>\n<p style=\"padding-left: 30px;\">La chirurgie arthroscopique de l&#8217;\u00e9paule permet d&#8217;op\u00e9rer un patient sans laisser de trace de cicatrice sur la peau, sans risque infectieux, et en diminuant consid\u00e9rablement la douleur post-op\u00e9ratoire.<\/p>\n<p><strong>4. Environ 20% de nos interventions chirurgicales sont r\u00e9alis\u00e9es classiquement \u00ab \u00e0 ciel ouvert \u00bb : chirurgie de l&#8217;instabilit\u00e9 chez le sportif et mise en place d&#8217;une proth\u00e8se d&#8217;\u00e9paule.<\/strong><\/p>\n<p><strong>5. Apr\u00e8s une intervention chirurgicale au niveau de l&#8217;\u00e9paule, la r\u00e9\u00e9ducation est pour nous un partenaire incontournable puisqu&#8217;elle participe, pour 50%, au r\u00e9sultat fonctionnel final.<\/strong><\/p>\n<p style=\"padding-left: 30px;\">Notre r\u00f4le consiste \u00e0 pr\u00e9parer le patient avant l&#8217;intervention en choisissant un physioth\u00e9rapeute qui conna\u00eet nos protocoles et en qui nous avons confiance pour prendre en charge le patient apr\u00e8s l&#8217;intervention et le motiver.<\/p>\n<p style=\"padding-left: 30px;\">C&#8217;est aussi notre r\u00f4le de contr\u00f4ler la r\u00e9\u00e9ducation post-op\u00e9ratoire, en revoyant r\u00e9guli\u00e8rement le patient, au 15e et 45e jours, puis au 3e et 6e mois post-op\u00e9ratoires, soit directement en consultation, soit en utilisant des moyens de communication adapt\u00e9s (exemple : Skype\u00ae), lorsque le patient r\u00e9side dans un pays \u00e9loign\u00e9 de la Suisse.<\/p>\n<p><strong>6. Les infiltrations de cortisone peuvent diminuer, transitoirement, une douleur s\u00e9v\u00e8re de l&#8217;\u00e9paule :<\/strong><\/p>\n<p style=\"padding-left: 30px;\">&#8211; Si cette option th\u00e9rapeutique temporaire s&#8217;appuie sur un diagnostic pr\u00e9cis.<\/p>\n<p style=\"padding-left: 30px;\">&#8211; Si l&#8217;infiltration est r\u00e9alis\u00e9e au cabinet de consultation par le chirurgien sp\u00e9cialiste de l&#8217;\u00e9paule ou par le m\u00e9decin radiologue sous contr\u00f4le radioscopique.<\/p>\n<p style=\"padding-left: 30px;\"><strong>Dans tous les cas, l&#8217;infiltration de cortisone ne traite pas la cause de la douleur, mais seulement le sympt\u00f4me.<\/strong><\/p>\n<p style=\"padding-left: 30px; color:#0077cc;\">Attention aux infiltrations de cortisone r\u00e9p\u00e9t\u00e9es, sans bilan radiographique pr\u00e9alable et sans diagnostic pr\u00e9cis de la pathologie de l&#8217;\u00e9paule \u00e0 traiter !<\/p>\n<p>[\/vc_column_text]<br \/>\n[\/vc_column][\/vc_row]<\/p>\n<p><!-- ===================== S\u00c9PARATEUR ===================== --><\/p>\n<p>[vc_row][vc_column]<br \/>\n[vc_separator]<br \/>\n[\/vc_column][\/vc_row]<\/p>\n<\/div>","protected":false},"excerpt":{"rendered":"<p>[vc_row][vc_column] [vc_custom_heading text=&#8221;Les Options Th\u00e9rapeutiques&#8221; font_container=&#8221;tag:h1|text_align:left&#8221; use_theme_fonts=&#8221;yes&#8221; css=&#8221;.vc_custom_1700000004{margin-bottom: 20px !important;}&#8221;] [\/vc_column][\/vc_row] [vc_row][vc_column] [vc_column_text] 1. Chaque patient est un cas particulier L&#8217;option th\u00e9rapeutique id\u00e9ale pour traiter la pathologie de l&#8217;\u00e9paule d\u00e9finie avec pr\u00e9cision peut \u00eatre modul\u00e9e selon des crit\u00e8res propres \u00e0 chaque patient : \u00e2ge, contexte professionnel ou sportif, ant\u00e9c\u00e9dents m\u00e9dicaux, motivation du patient pour prendre &hellip; <a href=\"https:\/\/drgazielly.com\/index.php\/les-options-therapeutiques\/\" class=\"more-link\">Continue reading <span class=\"screen-reader-text\">Les Options Th\u00e9rapeutiques<\/span><\/a><\/p>\n","protected":false},"author":1,"featured_media":0,"parent":0,"menu_order":0,"comment_status":"closed","ping_status":"closed","template":"","meta":{"footnotes":""},"class_list":["post-11916","page","type-page","status-publish","hentry"],"_links":{"self":[{"href":"https:\/\/drgazielly.com\/index.php\/wp-json\/wp\/v2\/pages\/11916","targetHints":{"allow":["GET"]}}],"collection":[{"href":"https:\/\/drgazielly.com\/index.php\/wp-json\/wp\/v2\/pages"}],"about":[{"href":"https:\/\/drgazielly.com\/index.php\/wp-json\/wp\/v2\/types\/page"}],"author":[{"embeddable":true,"href":"https:\/\/drgazielly.com\/index.php\/wp-json\/wp\/v2\/users\/1"}],"replies":[{"embeddable":true,"href":"https:\/\/drgazielly.com\/index.php\/wp-json\/wp\/v2\/comments?post=11916"}],"version-history":[{"count":4,"href":"https:\/\/drgazielly.com\/index.php\/wp-json\/wp\/v2\/pages\/11916\/revisions"}],"predecessor-version":[{"id":11921,"href":"https:\/\/drgazielly.com\/index.php\/wp-json\/wp\/v2\/pages\/11916\/revisions\/11921"}],"wp:attachment":[{"href":"https:\/\/drgazielly.com\/index.php\/wp-json\/wp\/v2\/media?parent=11916"}],"curies":[{"name":"wp","href":"https:\/\/api.w.org\/{rel}","templated":true}]}}