{"id":11899,"date":"2026-03-04T08:25:34","date_gmt":"2026-03-04T08:25:34","guid":{"rendered":"http:\/\/vctllpa.cluster121.hosting.ovh.net\/?page_id=11899"},"modified":"2026-03-04T08:25:34","modified_gmt":"2026-03-04T08:25:34","slug":"diagnostic","status":"publish","type":"page","link":"https:\/\/drgazielly.com\/index.php\/diagnostic\/","title":{"rendered":"Diagnostic"},"content":{"rendered":"<div class=\"wpb-content-wrapper\"><p>[vc_row][vc_column][vc_column_text css=&#8221;&#8221;]<strong>Sans diagnostic pr\u00e9cis, pas de traitement efficace.<\/strong><\/p>\n<p>En m\u00e9decine, le diagnostic est une d\u00e9marche intellectuelle incontournable.<\/p>\n<p>C\u2019est particuli\u00e8rement vrai pour l\u2019\u00e9paule, articulation complexe dont les l\u00e9sions peuvent concerner l\u2019os, le cartilage, les tendons ou les ligaments.<\/p>\n<p>Gr\u00e2ce \u00e0 un diagnostic pr\u00e9cis, nous devons pouvoir apporter une solution efficace au patient qui vient nous consulter.<\/p>\n<p>Depuis 28 ans, mon\u00a0diagnostic repose sur 3 \u00e9tapes successives\u00a0: l\u2019\u00e9coute, l\u2019examen clinique du patient et une imagerie sp\u00e9cifique.<\/p>\n<p>&nbsp;<\/p>\n<p><em>Il est conseill\u00e9 de regarder le chapitre\u00a0<strong>\u00ab\u00a0Anatomie de l&#8217;\u00e9paule\u00a0\u00bb<\/strong>.<\/em>[\/vc_column_text][\/vc_column][\/vc_row][vc_row][vc_column width=&#8221;1\/3&#8243;][vc_btn title=&#8221;1.Ecouter le patient&#8221; color=&#8221;peacoc&#8221; css=&#8221;&#8221; link=&#8221;url:http%3A%2F%2Fvctllpa.cluster121.hosting.ovh.net%2Findex.php%2Fecouter-le-patient%2F|title:1.%20Ecouter%20le%20patient%20%E2%80%93%20Douleurs%20de%20l%E2%80%99%C3%A9paule%20%E2%80%93%20Dr%20Gazielly&#8221;][\/vc_column][vc_column width=&#8221;1\/3&#8243;][vc_btn title=&#8221;2.Examiner le patient&#8221; color=&#8221;peacoc&#8221; css=&#8221;&#8221; link=&#8221;url:http%3A%2F%2Fvctllpa.cluster121.hosting.ovh.net%2Findex.php%2F11838-2%2F|title:2.%20Examiner%20le%20patient&#8221;][\/vc_column][vc_column width=&#8221;1\/3&#8243;][vc_btn title=&#8221;3.Imagerie&#8221; color=&#8221;peacoc&#8221; css=&#8221;&#8221; link=&#8221;url:http%3A%2F%2Fvctllpa.cluster121.hosting.ovh.net%2Findex.php%2Fdemander-une-imagerie-specifique-dr-gazielly%2F|title:2.%20Examiner%20le%20patient&#8221;][\/vc_column][\/vc_row]<\/p>\n<\/div>","protected":false},"excerpt":{"rendered":"<p>[vc_row][vc_column][vc_column_text css=&#8221;&#8221;]Sans diagnostic pr\u00e9cis, pas de traitement efficace. En m\u00e9decine, le diagnostic est une d\u00e9marche intellectuelle incontournable. C\u2019est particuli\u00e8rement vrai pour l\u2019\u00e9paule, articulation complexe dont les l\u00e9sions peuvent concerner l\u2019os, le cartilage, les tendons ou les ligaments. Gr\u00e2ce \u00e0 un diagnostic pr\u00e9cis, nous devons pouvoir apporter une solution efficace au patient qui vient nous consulter. &hellip; <a href=\"https:\/\/drgazielly.com\/index.php\/diagnostic\/\" class=\"more-link\">Continue reading <span class=\"screen-reader-text\">Diagnostic<\/span><\/a><\/p>\n","protected":false},"author":1,"featured_media":0,"parent":0,"menu_order":0,"comment_status":"closed","ping_status":"closed","template":"","meta":{"footnotes":""},"class_list":["post-11899","page","type-page","status-publish","hentry"],"_links":{"self":[{"href":"https:\/\/drgazielly.com\/index.php\/wp-json\/wp\/v2\/pages\/11899","targetHints":{"allow":["GET"]}}],"collection":[{"href":"https:\/\/drgazielly.com\/index.php\/wp-json\/wp\/v2\/pages"}],"about":[{"href":"https:\/\/drgazielly.com\/index.php\/wp-json\/wp\/v2\/types\/page"}],"author":[{"embeddable":true,"href":"https:\/\/drgazielly.com\/index.php\/wp-json\/wp\/v2\/users\/1"}],"replies":[{"embeddable":true,"href":"https:\/\/drgazielly.com\/index.php\/wp-json\/wp\/v2\/comments?post=11899"}],"version-history":[{"count":1,"href":"https:\/\/drgazielly.com\/index.php\/wp-json\/wp\/v2\/pages\/11899\/revisions"}],"predecessor-version":[{"id":11900,"href":"https:\/\/drgazielly.com\/index.php\/wp-json\/wp\/v2\/pages\/11899\/revisions\/11900"}],"wp:attachment":[{"href":"https:\/\/drgazielly.com\/index.php\/wp-json\/wp\/v2\/media?parent=11899"}],"curies":[{"name":"wp","href":"https:\/\/api.w.org\/{rel}","templated":true}]}}