{"id":11644,"date":"2020-05-22T09:51:39","date_gmt":"2020-05-22T09:51:39","guid":{"rendered":"https:\/\/attorco-demo.pbminfotech.com\/datasite-new\/?page_id=11644"},"modified":"2026-05-01T15:04:53","modified_gmt":"2026-05-01T15:04:53","slug":"homepage-4","status":"publish","type":"page","link":"https:\/\/drgazielly.com\/","title":{"rendered":"Homepage 4"},"content":{"rendered":"<div class=\"wpb-content-wrapper\"><p>[vc_row full_width=&#8221;stretch_row&#8221; equal_height=&#8221;yes&#8221; css=&#8221;.vc_custom_1589796365557{padding-bottom: 200px !important;}&#8221; themestek_responsive_css=&#8221;99742813|colbreak_no|||||||||colbreak_no|||||60||60||colbreak_no||||||||||colbreak_no|||||||||&#8221;][vc_column width=&#8221;1\/3&#8243;]<div class=\"themestek-element-heading-wrapper themestek-heading-inner themestek-heading-default  themestek-element-align-left themestek-seperator-none  themestek-right-brd\"><section class=\"themestek-vc_cta3-container themestek-right-brd\"><div class=\"themestek-vc_general themestek-vc_cta3 themestek-cta3-only themestek-vc_cta3-style-classic themestek-vc_cta3-shape-rounded themestek-vc_cta3-align-left themestek-vc_cta3-color-transparent themestek-vc_cta3-icon-size-md themestek-vc_cta3-actions-no themestek-cta3-without-desc\"><div class=\"themestek-vc_cta3_content-container\"><div class=\"themestek-vc_cta3-content\"><div class=\"themestek-vc_cta3-content-header themestek-wrap\"><div class=\"themestek-vc_cta3-headers themestek-wrap-cell\"><h4 class=\"themestek-custom-heading \" >Sp\u00e9cialiste de l'\u00e9paule<\/h4>\n<h2 class=\"themestek-custom-heading \" >Chirurgien Orthop\u00e9diste FMH<\/h2>\n<\/div><\/div><\/div><\/div><\/div><\/section><\/div> <!-- .themestek-element-heading-wrapper container --> [\/vc_column][vc_column width=&#8221;1\/3&#8243; css=&#8221;.vc_custom_1589002186068{padding-top: 20px !important;}&#8221;][vc_column_text css=&#8221;&#8221; el_class=&#8221;themestek-firstlater-m text-justify&#8221;]<strong>Depuis 40 ans, je consacre ma vie professionnelle de chirurgien orthop\u00e9diste \u00e0 l\u2019articulation de l\u2019\u00e9paule.<\/strong>[\/vc_column_text][\/vc_column][vc_column width=&#8221;1\/3&#8243; css=&#8221;.vc_custom_1589002193698{padding-top: 35px !important;}&#8221;][vc_column_text css=&#8221;.vc_custom_1771490082533{margin-top: -15px !important;margin-bottom: 20px !important;}&#8221; el_class=&#8221;text-justify&#8221;]Sur 25 000 \u00e9paules vues en consultation, 6 300 ont \u00e9t\u00e9 trait\u00e9es par la chirurgie, principalement par microchirurgie arthroscopique. Les autres ont \u00e9t\u00e9 \u00ab\u00a0gu\u00e9ries\u00a0\u00bb ou \u00ab\u00a0stabilis\u00e9es\u00a0\u00bb par la r\u00e9\u00e9ducation.[\/vc_column_text][\/vc_column][\/vc_row][vc_row full_width=&#8221;stretch_row&#8221; equal_height=&#8221;yes&#8221; css=&#8221;.vc_custom_1589796424507{margin-top: -100px !important;padding-top: 0px !important;padding-bottom: 0px !important;}&#8221; themestek_responsive_css=&#8221;71134706|colbreak_no|||||||||colbreak_yes|0||||||||colbreak_no||||||||||colbreak_no|||||||||&#8221;][vc_column width=&#8221;1\/2&#8243; css=&#8221;.vc_custom_1773133734150{margin-left: 15px !important;padding-left: 0px !important;background-image: url(http:\/\/vctllpa.cluster121.hosting.ovh.net\/wp-content\/uploads\/2026\/03\/5087fe90-37e4-48b2-a125-0462e7a24444.jpg?id=11905) !important;background-position: center !important;background-repeat: no-repeat !important;background-size: cover !important;}&#8221; el_class=&#8221;ts-vertical-middle-colum-content&#8221; themestek_responsive_css=&#8221;30722479|colbreak_no|||||||||colbreak_no|||||300||300||colbreak_no||||||||||colbreak_no|||||||||&#8221;][vc_single_image image=&#8221;11905&#8243; img_size=&#8221;large&#8221; css=&#8221;&#8221;][\/vc_column][vc_column themestek_bgcolor=&#8221;white&#8221; themestek_col_bg_expand=&#8221;right&#8221; themestek_bgimage_position=&#8221;right_bottom&#8221; width=&#8221;1\/2&#8243; css=&#8221;.vc_custom_1589796174435{padding-top: 70px !important;padding-bottom: 70px !important;padding-left: 70px !important;background-image: url(http:\/\/attorco-dev.themestek2.com\/wp-content\/uploads\/2020\/05\/new-bg-03.jpg?id=11590) !important;background-position: 0 0 !important;background-repeat: no-repeat !important;}&#8221; el_class=&#8221;ts-colum-back-setting&#8221; themestek_responsive_css=&#8221;88057288|colbreak_no|||||||||colbreak_no|||||30|30||30|colbreak_no||||||||||colbreak_no|||||||||&#8221;]<div class=\"themestek-element-heading-wrapper themestek-heading-inner themestek-heading-default  themestek-element-align-left themestek-seperator-none \"><section class=\"themestek-vc_cta3-container\"><div class=\"themestek-vc_general themestek-vc_cta3 themestek-cta3-only themestek-vc_cta3-style-classic themestek-vc_cta3-shape-rounded themestek-vc_cta3-align-left themestek-vc_cta3-color-transparent themestek-vc_cta3-icon-size-md themestek-vc_cta3-actions-no themestek-cta3-without-desc\"><div class=\"themestek-vc_cta3_content-container\"><div class=\"themestek-vc_cta3-content\"><div class=\"themestek-vc_cta3-content-header themestek-wrap\"><div class=\"themestek-vc_cta3-headers themestek-wrap-cell\"><h4 class=\"themestek-custom-heading \" >Introduction<\/h4>\n<h2 class=\"themestek-custom-heading \" >Plus de 40 ans d'exp\u00e9rience<\/h2>\n<\/div><\/div><\/div><\/div><\/div><\/section><\/div> <!-- .themestek-element-heading-wrapper container --> [vc_column_text css=&#8221;&#8221;]Mon approche du patient, en tant que chirurgien orthop\u00e9diste sp\u00e9cialis\u00e9 dans l&#8217;\u00e9paule, repose sur 3 principes fondamentaux :<\/p>\n<blockquote class=\"themestek-quote-1\"><p><strong>&#8211; \u00c9tablir un diagnostic<\/strong><\/p>\n<p><strong>&#8211; Discuter avec le patient<\/strong><\/p>\n<p><strong>&#8211; Expliquer au patient\u00a0<\/strong><\/p><\/blockquote>\n<p>[\/vc_column_text][vc_column_text css=&#8221;&#8221;]<span style=\"color: #ff0000;\">Il faut 5 ans pour savoir op\u00e9rer une \u00e9paule.<\/span><\/p>\n<p><span style=\"color: #ff0000;\">\u00a0Il faut 10 ans pour savoir \u00ab\u00a0bien\u00a0\u00bb op\u00e9rer une \u00e9paule.<\/span><\/p>\n<p><span style=\"color: #ff0000;\"><em><strong>Il faut 20 ans pour savoir quand \u00ab ne pas \u00bb op\u00e9rer une \u00e9paule\u2026<\/strong><\/em><\/span>[\/vc_column_text][vc_row_inner][vc_column_inner width=&#8221;1\/2&#8243;][vc_single_image image=&#8221;11817&#8243; img_size=&#8221;full&#8221; css=&#8221;&#8221;][\/vc_column_inner][vc_column_inner width=&#8221;1\/2&#8243;][vc_custom_heading text=&#8221;\u2013 Dr D.F Gazielly&#8221; font_container=&#8221;tag:h3|font_size:14px|text_align:left|color:%23d90a2c|line_height:24px&#8221; google_fonts=&#8221;font_family:Montserrat%3A100%2C100i%2C200%2C200i%2C300%2C300i%2C400%2C400i%2C500%2C500i%2C600%2C600i%2C700%2C700i%2C800%2C800i%2C900%2C900i|font_style:700%20Bold%3A700%3Anormal&#8221; css=&#8221;&#8221;][vc_custom_heading text=&#8221;Chirurgien sp\u00e9cialis\u00e9&#8221; font_container=&#8221;tag:h4|font_size:14px|text_align:left|color:%23313538|line_height:24px&#8221; google_fonts=&#8221;font_family:Montserrat%3A100%2C100i%2C200%2C200i%2C300%2C300i%2C400%2C400i%2C500%2C500i%2C600%2C600i%2C700%2C700i%2C800%2C800i%2C900%2C900i|font_style:400%20Regular%3A400%3Anormal&#8221; css=&#8221;&#8221;][\/vc_column_inner][\/vc_row_inner][\/vc_column][\/vc_row][vc_row themestek_textcolor=&#8221;dark&#8221; zindex=&#8221;2&#8243; full_width=&#8221;stretch_row&#8221; disable_element=&#8221;yes&#8221; css=&#8221;.vc_custom_1771494118177{padding-bottom: 0px !important;}&#8221;][vc_column themestek_col_bg_expand=&#8221;right&#8221; themestek_bgimage_position=&#8221;right_bottom&#8221; zindex=&#8221;2&#8243; css=&#8221;.vc_custom_1589190806526{margin-top: -350px !important;margin-left: 30px !important;background: #ffffff url(http:\/\/localhost\/attorco\/wp-content\/uploads\/2020\/05\/new-bg-03.jpg?id=11696) !important;background-position: 0 0 !important;background-repeat: no-repeat !important;}&#8221; themestek_responsive_css=&#8221;74605026|colbreak_no|||||||||colbreak_no|||||||||colbreak_no||||0|||||1024|colbreak_no||||15|||||&#8221;][vc_row_inner equal_height=&#8221;yes&#8221; gap=&#8221;0px&#8221;][vc_column_inner el_class=&#8221;themestek-pos-static themestek-ipad-hide&#8221; width=&#8221;1\/2&#8243; css=&#8221;.vc_custom_1589263781554{margin-right: 40px !important;margin-left: -15px !important;background-image: url(http:\/\/attorco-dev.themestek2.com\/wp-content\/uploads\/2020\/05\/new-img-01.jpg?id=11591) !important;background-position: center !important;background-repeat: no-repeat !important;background-size: cover !important;}&#8221; themestek_responsive_css=&#8221;89957325|colbreak_no|||||||||colbreak_no||0|||||||colbreak_no||||||||||colbreak_no|||||||||&#8221;][\/vc_column_inner][vc_column_inner themestek_textcolor=&#8221;dark&#8221; width=&#8221;1\/2&#8243; css=&#8221;.vc_custom_1589190857101{padding-top: 60px !important;padding-bottom: 30px !important;padding-left: 40px !important;}&#8221; themestek_responsive_css=&#8221;65402953|colbreak_no||||||||30|colbreak_no|||||||||colbreak_no||||||||0||colbreak_no|||||||||&#8221;][\/vc_column_inner][\/vc_row_inner][\/vc_column][\/vc_row][vc_row themestek_textcolor=&#8221;white&#8221; themestek_bgcolor=&#8221;darkgrey&#8221; themestek_bgimage_position=&#8221;center_bottom&#8221; full_width=&#8221;stretch_row&#8221; css=&#8221;.vc_custom_1589611002271{margin-top: -250px !important;padding-top: 350px !important;padding-bottom: 0px !important;background-image: url(http:\/\/localhost\/attorco\/wp-content\/uploads\/2020\/05\/new-bg-01.jpg?id=11601) !important;}&#8221;][vc_column css=&#8221;.vc_custom_1588999987070{margin-bottom: -120px !important;}&#8221;]<div class=\"themestek-element-heading-wrapper themestek-heading-inner themestek-heading-default  themestek-element-align-center themestek-seperator-none \"><section class=\"themestek-vc_cta3-container\"><div class=\"themestek-vc_general themestek-vc_cta3 themestek-cta3-only themestek-vc_cta3-style-classic themestek-vc_cta3-shape-rounded themestek-vc_cta3-align-center themestek-vc_cta3-color-transparent themestek-vc_cta3-icon-size-md themestek-vc_cta3-actions-no themestek-cta3-without-desc\"><div class=\"themestek-vc_cta3_content-container\"><div class=\"themestek-vc_cta3-content\"><div class=\"themestek-vc_cta3-content-header themestek-wrap\"><div class=\"themestek-vc_cta3-headers themestek-wrap-cell\"><h2 class=\"themestek-custom-heading \" >Diagnostic<\/h2>\n<\/div><\/div><\/div><\/div><\/div><\/section><\/div> <!-- .themestek-element-heading-wrapper container --> [\/vc_column][\/vc_row][vc_row themestek_bgcolor=&#8221;white&#8221; full_width=&#8221;stretch_row&#8221; themestek_responsive_css=&#8221;60259570|colbreak_no|||||||||colbreak_no|||||60||||colbreak_no||||||||||colbreak_no|||||||||&#8221; css=&#8221;.vc_custom_1589612505414{margin-top: -140px !important;padding-top: 200px !important;}&#8221;][vc_column width=&#8221;1\/2&#8243; css=&#8221;.vc_custom_1589796789893{padding-right: 60px !important;}&#8221; themestek_responsive_css=&#8221;95895380|colbreak_no|||||||||colbreak_no||||||15|||colbreak_no||||||0||||colbreak_no|||||||||&#8221;]<div class=\"themestek-element-heading-wrapper themestek-heading-inner themestek-heading-default  themestek-element-align-left themestek-seperator-none \"><section class=\"themestek-vc_cta3-container\"><div class=\"themestek-vc_general themestek-vc_cta3 themestek-cta3-only themestek-vc_cta3-style-classic themestek-vc_cta3-shape-rounded themestek-vc_cta3-align-left themestek-vc_cta3-color-transparent themestek-vc_cta3-icon-size-md themestek-vc_cta3-actions-no themestek-cta3-without-desc\"><div class=\"themestek-vc_cta3_content-container\"><div class=\"themestek-vc_cta3-content\"><div class=\"themestek-vc_cta3-content-header themestek-wrap\"><div class=\"themestek-vc_cta3-headers themestek-wrap-cell\"><h4 class=\"themestek-custom-heading \" >Introduction<\/h4>\n<h2 class=\"themestek-custom-heading \" >Sans diagnostic pr\u00e9cis, pas de traitement efficace.<\/h2>\n<\/div><\/div><\/div><\/div><\/div><\/section><\/div> <!-- .themestek-element-heading-wrapper container --> [vc_column_text css=&#8221;&#8221;]En m\u00e9decine, le diagnostic est une d\u00e9marche intellectuelle incontournable.<\/p>\n<p>C\u2019est particuli\u00e8rement vrai pour l\u2019\u00e9paule, articulation complexe dont les l\u00e9sions peuvent concerner l\u2019os, le cartilage, les tendons ou les ligaments.<\/p>\n<p>Gr\u00e2ce \u00e0 un diagnostic pr\u00e9cis, nous devons pouvoir apporter une solution efficace au patient qui vient nous consulter.<\/p>\n<p>Depuis 28 ans, mon\u00a0diagnostic repose sur 3 \u00e9tapes successives\u00a0: l\u2019\u00e9coute, l\u2019examen clinique du patient et une imagerie sp\u00e9cifique.[\/vc_column_text][\/vc_column][vc_column width=&#8221;1\/2&#8243; css=&#8221;.vc_custom_1588999210453{padding-top: 50px !important;}&#8221;][vc_tta_accordion style=&#8221;flat&#8221; shape=&#8221;square&#8221; color=&#8221;grey&#8221; gap=&#8221;20&#8243; c_position=&#8221;right&#8221; active_section=&#8221;1&#8243;][vc_tta_section title=&#8221;01. \u00c9tablir un diagnostic&#8221; tab_id=&#8221;1588994182617-0dc83fe9-8d9d&#8221;][vc_row_inner][vc_column_inner width=&#8221;4\/12&#8243;][vc_single_image image=&#8221;11907&#8243; img_size=&#8221;200&#215;100&#8243; css=&#8221;.vc_custom_1773134636568{margin-bottom: 0px !important;}&#8221;][\/vc_column_inner][vc_column_inner width=&#8221;8\/12&#8243;][vc_column_text css=&#8221;&#8221;]<strong>\u00c9tablir un diagnostic<\/strong>\u00a0de la l\u00e9sion en cause aussi pr\u00e9cis que possible, en \u00e9coutant le patient et gr\u00e2ce \u00e0 un examen clinique programm\u00e9, compl\u00e9t\u00e9 par une imagerie sp\u00e9cifique.[\/vc_column_text][\/vc_column_inner][\/vc_row_inner][\/vc_tta_section][vc_tta_section title=&#8221;02. Discuter avec le patient&#8221; tab_id=&#8221;1588994182671-56048ddf-727e&#8221;][vc_row_inner][vc_column_inner width=&#8221;4\/12&#8243;][vc_single_image image=&#8221;11908&#8243; img_size=&#8221;200&#215;100&#8243; css=&#8221;.vc_custom_1773134673790{margin-bottom: 0px !important;}&#8221;][\/vc_column_inner][vc_column_inner width=&#8221;8\/12&#8243;][vc_column_text css=&#8221;&#8221;]<strong>Discuter avec le patient<\/strong>, selon son \u00e2ge, ses ant\u00e9c\u00e9dents m\u00e9dicaux et sa demande fonctionnelle, des diff\u00e9rentes options th\u00e9rapeutiques &#8211; qui peuvent ne pas \u00eatre uniquement chirurgicales.[\/vc_column_text][\/vc_column_inner][\/vc_row_inner][\/vc_tta_section][vc_tta_section title=&#8221;03. Expliquer au patient&#8221; tab_id=&#8221;1588994263054-7cd28383-d44e&#8221;][vc_row_inner][vc_column_inner width=&#8221;4\/12&#8243;][vc_single_image image=&#8221;11909&#8243; img_size=&#8221;200&#215;100&#8243; css=&#8221;.vc_custom_1773134690072{margin-bottom: 0px !important;}&#8221;][\/vc_column_inner][vc_column_inner width=&#8221;8\/12&#8243;][vc_column_text css=&#8221;&#8221;]<strong>Expliquer au patient\u00a0<\/strong>que la r\u00e9\u00e9ducation\u00a0manuelle, bas\u00e9e sur des exercices simples, avec\u00a0un patient motiv\u00e9 pris en charge par un professionnel sp\u00e9cialis\u00e9, est incontournable, que l\u2019\u00e9paule soit op\u00e9r\u00e9e ou non.[\/vc_column_text][\/vc_column_inner][\/vc_row_inner][\/vc_tta_section][\/vc_tta_accordion][\/vc_column][\/vc_row]<\/p>\n<\/div>","protected":false},"excerpt":{"rendered":"<p>[vc_row full_width=&#8221;stretch_row&#8221; equal_height=&#8221;yes&#8221; css=&#8221;.vc_custom_1589796365557{padding-bottom: 200px !important;}&#8221; themestek_responsive_css=&#8221;99742813|colbreak_no|||||||||colbreak_no|||||60||60||colbreak_no||||||||||colbreak_no|||||||||&#8221;][vc_column width=&#8221;1\/3&#8243;][\/vc_column][vc_column width=&#8221;1\/3&#8243; css=&#8221;.vc_custom_1589002186068{padding-top: 20px !important;}&#8221;][vc_column_text css=&#8221;&#8221; el_class=&#8221;themestek-firstlater-m text-justify&#8221;]Depuis 40 ans, je consacre ma vie professionnelle de chirurgien orthop\u00e9diste \u00e0 l\u2019articulation de l\u2019\u00e9paule.[\/vc_column_text][\/vc_column][vc_column width=&#8221;1\/3&#8243; css=&#8221;.vc_custom_1589002193698{padding-top: 35px !important;}&#8221;][vc_column_text css=&#8221;.vc_custom_1771490082533{margin-top: -15px !important;margin-bottom: 20px !important;}&#8221; el_class=&#8221;text-justify&#8221;]Sur 25 000 \u00e9paules vues en consultation, 6 300 ont \u00e9t\u00e9 trait\u00e9es par la chirurgie, principalement par &hellip; <a href=\"https:\/\/drgazielly.com\/\" class=\"more-link\">Continue reading <span class=\"screen-reader-text\">Homepage 4<\/span><\/a><\/p>\n","protected":false},"author":1,"featured_media":0,"parent":0,"menu_order":4,"comment_status":"closed","ping_status":"closed","template":"","meta":{"footnotes":""},"class_list":["post-11644","page","type-page","status-publish","hentry"],"_links":{"self":[{"href":"https:\/\/drgazielly.com\/index.php\/wp-json\/wp\/v2\/pages\/11644","targetHints":{"allow":["GET"]}}],"collection":[{"href":"https:\/\/drgazielly.com\/index.php\/wp-json\/wp\/v2\/pages"}],"about":[{"href":"https:\/\/drgazielly.com\/index.php\/wp-json\/wp\/v2\/types\/page"}],"author":[{"embeddable":true,"href":"https:\/\/drgazielly.com\/index.php\/wp-json\/wp\/v2\/users\/1"}],"replies":[{"embeddable":true,"href":"https:\/\/drgazielly.com\/index.php\/wp-json\/wp\/v2\/comments?post=11644"}],"version-history":[{"count":22,"href":"https:\/\/drgazielly.com\/index.php\/wp-json\/wp\/v2\/pages\/11644\/revisions"}],"predecessor-version":[{"id":12035,"href":"https:\/\/drgazielly.com\/index.php\/wp-json\/wp\/v2\/pages\/11644\/revisions\/12035"}],"wp:attachment":[{"href":"https:\/\/drgazielly.com\/index.php\/wp-json\/wp\/v2\/media?parent=11644"}],"curies":[{"name":"wp","href":"https:\/\/api.w.org\/{rel}","templated":true}]}}